{"id":112,"date":"2022-07-09T09:43:59","date_gmt":"2022-07-09T09:43:59","guid":{"rendered":"https:\/\/nylonpolyester.com\/?page_id=112"},"modified":"2024-12-10T06:47:44","modified_gmt":"2024-12-10T06:47:44","slug":"gioi-thieu","status":"publish","type":"page","link":"https:\/\/nylonpolyester.com\/index.php\/gioi-thieu\/","title":{"rendered":"GI\u1edaI THI\u1ec6U"},"content":{"rendered":"<p>Ch\u00e0o m\u1eebng b\u1ea1n \u0111\u1ebfn v\u1edbi c\u00f4ng ty ch\u00fang t\u00f4i, n\u01a1i cung c\u1ea5p c\u00e1c d\u00f2ng s\u1ea3n ph\u1ea9m s\u1ee3i ch\u1ea5t l\u01b0\u1ee3ng cao, \u0111\u01b0\u1ee3c s\u1ea3n xu\u1ea5t v\u1edbi ti\u00eau chu\u1ea9n nghi\u00eam ng\u1eb7t \u0111\u1ec3 \u0111\u00e1p \u1ee9ng nhu c\u1ea7u \u0111a d\u1ea1ng trong ng\u00e0nh d\u1ec7t may v\u00e0 c\u00f4ng nghi\u1ec7p. V\u1edbi h\u01a1n 20 n\u0103m kinh nghi\u1ec7m, ch\u00fang t\u00f4i t\u1ef1 h\u00e0o mang \u0111\u1ebfn cho kh\u00e1ch h\u00e0ng nh\u1eefng s\u1ea3n ph\u1ea9m s\u1ee3i uy t\u00edn v\u00e0 c\u00f3 t\u00ednh \u1ee9ng d\u1ee5ng cao, t\u1eeb <strong>s\u1ee3i nylon<\/strong>, <strong>s\u1ee3i polyester<\/strong> cho \u0111\u1ebfn c\u00e1c d\u00f2ng <strong>monofilament<\/strong> v\u1edbi d\u1ea3i ch\u1ec9 s\u1ed1 t\u1eeb 20D \u0111\u1ebfn 10.000D.<\/p>\r\n<h3><strong>C\u00e1c D\u00f2ng S\u1ee3i Filament Cao C\u1ea5p C\u1ee7a Ch\u00fang T\u00f4i<\/strong><\/h3>\r\n<p><strong>1. S\u1ee3i Nylon (Polyamid)<\/strong><\/p>\r\n<p>S\u1ee3i nylon (hay c\u00f2n g\u1ecdi l\u00e0 polyamid) l\u00e0 m\u1ed9t trong nh\u1eefng lo\u1ea1i s\u1ee3i t\u1ed5ng h\u1ee3p ph\u1ed5 bi\u1ebfn nh\u1ea5t tr\u00ean th\u1ebf gi\u1edbi nh\u1edd v\u00e0o \u0111\u1ed9 b\u1ec1n, t\u00ednh \u0111\u00e0n h\u1ed3i v\u00e0 kh\u1ea3 n\u0103ng ch\u1ed1ng m\u00e0i m\u00f2n tuy\u1ec7t v\u1eddi. Ch\u00fang t\u00f4i cung c\u1ea5p c\u00e1c d\u00f2ng <strong>Nylon DTY<\/strong>, <strong>Nylon FDY<\/strong>, <strong>Nylon 6<\/strong>, <strong>Nylon 66, Polyamide<\/strong> v\u00e0 c\u00e1c d\u00f2ng <strong>Nylon Twist<\/strong> v\u1edbi t\u00ednh n\u0103ng co gi\u00e3n cao. C\u00e1c lo\u1ea1i s\u1ee3i n\u00e0y th\u01b0\u1eddng \u0111\u01b0\u1ee3c s\u1eed d\u1ee5ng trong s\u1ea3n xu\u1ea5t ch\u1ec9 may, s\u1ea3n ph\u1ea9m may m\u1eb7c th\u1ec3 thao, ho\u1eb7c c\u00e1c \u1ee9ng d\u1ee5ng \u0111\u00f2i h\u1ecfi s\u1ef1 linh ho\u1ea1t v\u00e0 b\u1ec1n b\u1ec9.<\/p>\r\n<ul>\r\n<li><strong>Nylon DTY<\/strong>: S\u1ee3i nylon DTY (Draw Textured Yarn) \u0111\u01b0\u1ee3c s\u1eed d\u1ee5ng r\u1ed9ng r\u00e3i trong ng\u00e0nh d\u1ec7t may \u0111\u1ec3 t\u1ea1o ra c\u00e1c s\u1ea3n ph\u1ea9m v\u1ea3i c\u00f3 \u0111\u1ed9 b\u1ec1n cao v\u00e0 kh\u1ea3 n\u0103ng co gi\u00e3n t\u1ed1t.<\/li>\r\n<li><strong>Nylon FDY<\/strong>: S\u1ee3i nylon FDY (Fully Drawn Yarn) l\u00e0 s\u1ee3i \u0111\u01b0\u1ee3c k\u00e9o d\u00e0i ho\u00e0n ch\u1ec9nh, th\u01b0\u1eddng \u0111\u01b0\u1ee3c s\u1eed d\u1ee5ng trong s\u1ea3n xu\u1ea5t v\u1ea3i d\u1ec7t v\u00e0 ch\u1ec9 may c\u00f3 \u0111\u1ed9 b\u1ec1n c\u1ef1c cao.<\/li>\r\n<li><strong>Nylon High Stretch<\/strong>: \u0110\u01b0\u1ee3c thi\u1ebft k\u1ebf \u0111\u1eb7c bi\u1ec7t \u0111\u1ec3 t\u1ea1o ra c\u00e1c s\u1ea3n ph\u1ea9m v\u1ea3i c\u00f3 t\u00ednh \u0111\u00e0n h\u1ed3i cao, ph\u00f9 h\u1ee3p v\u1edbi c\u00e1c s\u1ea3n ph\u1ea9m th\u1ec3 thao ho\u1eb7c c\u00e1c \u1ee9ng d\u1ee5ng y\u00eau c\u1ea7u \u0111\u1ed9 co gi\u00e3n l\u1edbn.<\/li>\r\n<\/ul>\r\n<p><strong>2. S\u1ee3i Polyester<\/strong><\/p>\r\n<p>S\u1ee3i polyester n\u1ed5i b\u1eadt v\u1edbi kh\u1ea3 n\u0103ng ch\u1ed1ng nh\u0103n, \u0111\u1ed9 b\u1ec1n m\u00e0u cao v\u00e0 kh\u1ea3 n\u0103ng ch\u1ed1ng th\u1ea5m t\u1ed1t. V\u1edbi c\u00e1c d\u00f2ng <strong>Polyester FDY<\/strong> (Fully Drawn Yarn), s\u1ee3i polyester c\u1ee7a ch\u00fang t\u00f4i c\u00f3 \u0111\u1ed9 b\u1ec1n cao, kh\u1ea3 n\u0103ng ch\u1ed1ng m\u00e0i m\u00f2n t\u1ed1t v\u00e0 r\u1ea5t ph\u00f9 h\u1ee3p v\u1edbi vi\u1ec7c s\u1ea3n xu\u1ea5t c\u00e1c s\u1ea3n ph\u1ea9m may m\u1eb7c, d\u1ec7t v\u1ea3i v\u00e0 c\u00e1c s\u1ea3n ph\u1ea9m c\u00f4ng nghi\u1ec7p.<\/p>\r\n<ul>\r\n<li><strong>Polyester FDY<\/strong>: S\u1ee3i polyester FDY mang l\u1ea1i \u0111\u1ed9 b\u1ec1n v\u01b0\u1ee3t tr\u1ed9i, th\u01b0\u1eddng \u0111\u01b0\u1ee3c \u1ee9ng d\u1ee5ng trong c\u00e1c s\u1ea3n ph\u1ea9m d\u1ec7t v\u1ea3i v\u00e0 ch\u1ec9 may. V\u1edbi t\u00ednh ch\u1ea5t ch\u1ed1ng co r\u00fat v\u00e0 \u0111\u1ed9 b\u1ec1n cao, s\u1ee3i polyester FDY r\u1ea5t ph\u00f9 h\u1ee3p cho c\u00e1c s\u1ea3n ph\u1ea9m y\u00eau c\u1ea7u \u0111\u1ed9 ch\u1eafc ch\u1eafn v\u00e0 b\u1ec1n l\u00e2u.<\/li>\r\n<\/ul>\r\n<p><strong>3. Monofilament<\/strong><\/p>\r\n<p>Monofilament l\u00e0 s\u1ee3i \u0111\u01a1n v\u1edbi m\u1ed9t s\u1ee3i duy nh\u1ea5t, \u0111\u01b0\u1ee3c s\u1eed d\u1ee5ng ch\u1ee7 y\u1ebfu trong c\u00e1c s\u1ea3n ph\u1ea9m c\u00f3 y\u00eau c\u1ea7u \u0111\u1ed9 b\u1ec1n cao v\u00e0 \u0111\u1ed9 m\u1ecfng nh\u1ea5t \u0111\u1ecbnh. S\u1ee3i monofilament c\u00f3 t\u00ednh ch\u1ea5t \u0111\u1eb7c bi\u1ec7t l\u00e0 r\u1ea5t b\u1ec1n v\u00e0 kh\u00f4ng b\u1ecb \u0111\u1ee9t d\u1ec5 d\u00e0ng, do \u0111\u00f3 ch\u00fang th\u01b0\u1eddng \u0111\u01b0\u1ee3c s\u1eed d\u1ee5ng trong c\u00e1c \u1ee9ng d\u1ee5ng y\u00eau c\u1ea7u s\u1ef1 linh ho\u1ea1t v\u00e0 \u0111\u1ed9 b\u1ec1n cao, nh\u01b0 trong c\u00e1c s\u1ea3n ph\u1ea9m d\u1ec7t c\u00f4ng nghi\u1ec7p v\u00e0 th\u1ec3 thao.<\/p>\r\n<h3><strong>C\u00e1c Ch\u1ec9 S\u1ed1 D t\u1eeb 20D \u0111\u1ebfn 10.000D<\/strong><\/h3>\r\n<p>S\u1ea3n ph\u1ea9m c\u1ee7a ch\u00fang t\u00f4i c\u00f3 c\u00e1c d\u00f2ng s\u1ee3i v\u1edbi <strong>ch\u1ec9 s\u1ed1 D (Denier)<\/strong> t\u1eeb 20D \u0111\u1ebfn 10.000D, \u0111\u00e1p \u1ee9ng nhu c\u1ea7u \u0111a d\u1ea1ng c\u1ee7a c\u00e1c ng\u00e0nh c\u00f4ng nghi\u1ec7p kh\u00e1c nhau. Ch\u1ec9 s\u1ed1 D cho bi\u1ebft \u0111\u1ed9 d\u00e0y c\u1ee7a s\u1ee3i, gi\u00fap kh\u00e1ch h\u00e0ng d\u1ec5 d\u00e0ng l\u1ef1a ch\u1ecdn s\u1ea3n ph\u1ea9m ph\u00f9 h\u1ee3p v\u1edbi m\u1ee5c \u0111\u00edch s\u1eed d\u1ee5ng.<\/p>\r\n<ul>\r\n<li><strong>S\u1ee3i c\u00f3 ch\u1ec9 s\u1ed1 th\u1ea5p (20D &#8211; 500D)<\/strong>: Th\u01b0\u1eddng d\u00f9ng cho c\u00e1c \u1ee9ng d\u1ee5ng c\u1ea7n s\u1ee3i m\u1ec1m m\u1ea1i v\u00e0 m\u1ecfng, nh\u01b0 ch\u1ec9 may, v\u1ea3i m\u1ecfng, ho\u1eb7c c\u00e1c s\u1ea3n ph\u1ea9m may m\u1eb7c nh\u1eb9.<\/li>\r\n<li><strong>S\u1ee3i c\u00f3 ch\u1ec9 s\u1ed1 cao (500D &#8211; 10.000D)<\/strong>: D\u00f9ng cho c\u00e1c s\u1ea3n ph\u1ea9m y\u00eau c\u1ea7u \u0111\u1ed9 c\u1ee9ng c\u00e1p, b\u1ec1n b\u1ec9 v\u00e0 ch\u1ecbu l\u1ef1c cao, nh\u01b0 d\u00e2y \u0111ai c\u01b0\u1eddng l\u1ef1c, s\u1ea3n ph\u1ea9m c\u00f4ng nghi\u1ec7p, v\u00e0 v\u1ea3i b\u1ea1t.<\/li>\r\n<\/ul>\r\n<h3><strong>\u1ee8ng D\u1ee5ng S\u1ee3i Cao C\u1ea5p C\u1ee7a Ch\u00fang T\u00f4i<\/strong><\/h3>\r\n<p>S\u1ea3n ph\u1ea9m s\u1ee3i c\u1ee7a ch\u00fang t\u00f4i \u0111\u01b0\u1ee3c \u1ee9ng d\u1ee5ng trong nhi\u1ec1u l\u0129nh v\u1ef1c, \u0111\u1eb7c bi\u1ec7t trong ng\u00e0nh <strong>may m\u1eb7c<\/strong> v\u00e0 <strong>c\u00f4ng nghi\u1ec7p d\u1ec7t<\/strong>. D\u01b0\u1edbi \u0111\u00e2y l\u00e0 m\u1ed9t s\u1ed1 \u1ee9ng d\u1ee5ng ti\u00eau bi\u1ec3u:<\/p>\r\n<ol>\r\n<li>\r\n<p><strong>Ch\u1ec9 May v\u00e0 Ch\u1ec9 May C\u01b0\u1eddng L\u1ef1c Cao<\/strong><br \/>V\u1edbi c\u00e1c d\u00f2ng s\u1ee3i nh\u01b0 <strong>Nylon DTY<\/strong>, <strong>Nylon FDY<\/strong>, v\u00e0 <strong>Polyester FDY<\/strong>, ch\u00fang t\u00f4i cung c\u1ea5p c\u00e1c s\u1ea3n ph\u1ea9m ch\u1ec9 may c\u01b0\u1eddng l\u1ef1c cao, ph\u00f9 h\u1ee3p cho c\u00e1c s\u1ea3n ph\u1ea9m may m\u1eb7c y\u00eau c\u1ea7u \u0111\u1ed9 b\u1ec1n cao nh\u01b0 qu\u1ea7n \u00e1o b\u1ea3o h\u1ed9, \u0111\u1ed3 th\u1ec3 thao v\u00e0 s\u1ea3n ph\u1ea9m th\u1eddi trang cao c\u1ea5p, ch\u1ec9 may c\u00f4ng nghi\u1ec7p, ch\u1ec9 th\u00eau.<\/p>\r\n<\/li>\r\n<li>\r\n<p><strong>D\u1ec7t V\u1ea3i v\u00e0 D\u1ec7t S\u1ea3n Ph\u1ea9m Th\u1ec3 Thao Seamless Co Gi\u00e3n<\/strong><br \/>C\u00e1c d\u00f2ng s\u1ee3i nh\u01b0 <strong>Nylon High Stretch<\/strong> v\u00e0 <strong>Polyester FDY<\/strong> \u0111\u01b0\u1ee3c \u1ee9ng d\u1ee5ng r\u1ed9ng r\u00e3i trong vi\u1ec7c s\u1ea3n xu\u1ea5t v\u1ea3i d\u1ec7t, \u0111\u1eb7c bi\u1ec7t l\u00e0 v\u1ea3i th\u1ec3 thao c\u00f3 t\u00ednh co gi\u00e3n cao, gi\u00fap t\u1ea1o ra c\u00e1c s\u1ea3n ph\u1ea9m seamless (kh\u00f4ng c\u00f3 \u0111\u01b0\u1eddng may) mang l\u1ea1i s\u1ef1 tho\u1ea3i m\u00e1i t\u1ed1i \u0111a cho ng\u01b0\u1eddi s\u1eed d\u1ee5ng.<\/p>\r\n<\/li>\r\n<li>\r\n<p><strong>D\u1ec7t D\u00e2y C\u01b0\u1eddng L\u1ef1c<\/strong><br \/>V\u1edbi c\u00e1c d\u00f2ng s\u1ee3i <strong>Nylon Twist<\/strong> v\u00e0 <strong>Polyester FDY<\/strong>, ch\u00fang t\u00f4i cung c\u1ea5p c\u00e1c lo\u1ea1i s\u1ee3i d\u00f9ng \u0111\u1ec3 d\u1ec7t d\u00e2y \u0111ai c\u01b0\u1eddng l\u1ef1c, \u1ee9ng d\u1ee5ng trong c\u00e1c ng\u00e0nh c\u00f4ng nghi\u1ec7p y\u00eau c\u1ea7u t\u00ednh b\u1ec1n b\u1ec9 v\u00e0 ch\u1ed1ng m\u00e0i m\u00f2n cao nh\u01b0 s\u1ea3n xu\u1ea5t d\u00e2y th\u1eebng, d\u00e2y \u0111ai xe t\u1ea3i, ho\u1eb7c d\u00e2y b\u1ea3o hi\u1ec3m.<\/p>\r\n<\/li>\r\n<li>\r\n<p><strong>S\u1ea3n Ph\u1ea9m C\u00f4ng Nghi\u1ec7p<\/strong><br \/>C\u00e1c d\u00f2ng s\u1ee3i c\u01b0\u1eddng l\u1ef1c c\u1ee7a ch\u00fang t\u00f4i c\u0169ng \u0111\u01b0\u1ee3c s\u1eed d\u1ee5ng trong c\u00e1c s\u1ea3n ph\u1ea9m c\u00f4ng nghi\u1ec7p nh\u01b0 d\u1ec7t c\u00e1c b\u1ed9 ph\u1eadn m\u00e1y m\u00f3c, ho\u1eb7c c\u00e1c \u1ee9ng d\u1ee5ng \u0111\u00f2i h\u1ecfi t\u00ednh ch\u1ecbu l\u1ef1c v\u00e0 \u0111\u1ed9 b\u1ec1n cao.<\/p>\r\n<\/li>\r\n<\/ol>\r\n<h3><strong>L\u00fd Do Ch\u1ecdn Ch\u00fang T\u00f4i L\u00e0 \u0110\u1ed1i T\u00e1c Cung C\u1ea5p S\u1ee3i Filament<\/strong><\/h3>\r\n<p>V\u1edbi h\u01a1n 20 n\u0103m kinh nghi\u1ec7m trong ng\u00e0nh d\u1ec7t may v\u00e0 s\u1ea3n xu\u1ea5t s\u1ee3i, ch\u00fang t\u00f4i\u00a0cam k\u1ebft cung c\u1ea5p nh\u1eefng s\u1ea3n ph\u1ea9m ch\u1ea5t l\u01b0\u1ee3ng cao nh\u1ea5t v\u1edbi gi\u00e1 th\u00e0nh h\u1ee3p l\u00fd. Ch\u00fang t\u00f4i lu\u00f4n n\u1ed7 l\u1ef1c c\u1ea3i ti\u1ebfn quy tr\u00ecnh s\u1ea3n xu\u1ea5t, \u0111\u1ea3m b\u1ea3o m\u1ed7i s\u1ea3n ph\u1ea9m \u0111\u1ec1u \u0111\u1ea1t ti\u00eau chu\u1ea9n kh\u1eaft khe c\u1ee7a kh\u00e1ch h\u00e0ng v\u00e0 c\u00f3 th\u1ec3 \u0111\u00e1p \u1ee9ng m\u1ecdi y\u00eau c\u1ea7u t\u1eeb c\u00e1c ng\u00e0nh c\u00f4ng nghi\u1ec7p d\u1ec7t may, c\u00f4ng nghi\u1ec7p, \u0111\u1ebfn th\u1ec3 thao.<\/p>\r\n<ul>\r\n<li><strong>Ch\u1ea5t l\u01b0\u1ee3ng s\u1ea3n ph\u1ea9m<\/strong>: M\u1ed7i s\u1ea3n ph\u1ea9m s\u1ee3i \u0111\u1ec1u \u0111\u01b0\u1ee3c s\u1ea3n xu\u1ea5t theo quy tr\u00ecnh ki\u1ec3m tra ch\u1ea5t l\u01b0\u1ee3ng nghi\u00eam ng\u1eb7t, \u0111\u1ea3m b\u1ea3o \u0111\u1ed9 b\u1ec1n v\u00e0 t\u00ednh n\u0103ng v\u01b0\u1ee3t tr\u1ed9i.<\/li>\r\n<li><strong>D\u1ecbch v\u1ee5 kh\u00e1ch h\u00e0ng chuy\u00ean nghi\u1ec7p<\/strong>: \u0110\u1ed9i ng\u0169 t\u01b0 v\u1ea5n vi\u00ean gi\u00e0u kinh nghi\u1ec7m c\u1ee7a ch\u00fang t\u00f4i lu\u00f4n s\u1eb5n s\u00e0ng h\u1ed7 tr\u1ee3 kh\u00e1ch h\u00e0ng trong vi\u1ec7c l\u1ef1a ch\u1ecdn s\u1ea3n ph\u1ea9m ph\u00f9 h\u1ee3p nh\u1ea5t.<\/li>\r\n<li><strong>Giao h\u00e0ng nhanh ch\u00f3ng v\u00e0 \u0111\u00fang h\u1eb9n<\/strong>: Ch\u00fang t\u00f4i cam k\u1ebft cung c\u1ea5p s\u1ea3n ph\u1ea9m \u0111\u00fang th\u1eddi gian v\u00e0 \u0111\u1ea3m b\u1ea3o ch\u1ea5t l\u01b0\u1ee3ng theo y\u00eau c\u1ea7u c\u1ee7a kh\u00e1ch h\u00e0ng.<\/li>\r\n<\/ul>\r\n<p>H\u00e3y li\u00ean h\u1ec7 v\u1edbi ch\u00fang t\u00f4i qua s\u1ed1 <strong>Hotline t\u1ea1i Vi\u1ec7t Nam 0327789899<\/strong> \u0111\u1ec3 nh\u1eadn t\u01b0 v\u1ea5n chi ti\u1ebft v\u00e0 \u0111\u01b0\u1ee3c cung c\u1ea5p c\u00e1c d\u00f2ng s\u1ee3i ch\u1ea5t l\u01b0\u1ee3ng cao, \u0111\u00e1p \u1ee9ng nhu c\u1ea7u \u0111a d\u1ea1ng c\u1ee7a ng\u00e0nh c\u00f4ng nghi\u1ec7p d\u1ec7t may v\u00e0 s\u1ea3n xu\u1ea5t.<\/p><p>FOREVER TEXTILE COMPANY<\/p><p>Hotline in Vietnam: (+84) 0327-789-899<\/p>\r\n<p>\u0110\u1ecba ch\u1ec9: K\u0110T \u0110\u1eb7ng X\u00e1, Gia L\u00e2m, H\u00e0 N\u1ed9i<\/p><figure class=\"wp-block-image size-full is-resized\"><img loading=\"lazy\" decoding=\"async\" class=\"wp-image-129\" src=\"https:\/\/nylonpolyester.com\/wp-content\/uploads\/2022\/07\/cropped-FOREVER-logo-trong-png.png\" alt=\"\" width=\"216\" height=\"244\" srcset=\"https:\/\/nylonpolyester.com\/wp-content\/uploads\/2022\/07\/cropped-FOREVER-logo-trong-png.png 512w, https:\/\/nylonpolyester.com\/wp-content\/uploads\/2022\/07\/cropped-FOREVER-logo-trong-png-264x300.png 264w\" sizes=\"auto, (max-width: 216px) 100vw, 216px\" \/><\/figure>","protected":false},"excerpt":{"rendered":"<p>Ch\u00e0o m\u1eebng b\u1ea1n \u0111\u1ebfn v\u1edbi c\u00f4ng ty ch\u00fang t\u00f4i, n\u01a1i cung c\u1ea5p c\u00e1c d\u00f2ng s\u1ea3n ph\u1ea9m s\u1ee3i ch\u1ea5t l\u01b0\u1ee3ng cao, \u0111\u01b0\u1ee3c s\u1ea3n xu\u1ea5t v\u1edbi ti\u00eau chu\u1ea9n nghi\u00eam ng\u1eb7t \u0111\u1ec3 \u0111\u00e1p \u1ee9ng nhu c\u1ea7u \u0111a d\u1ea1ng trong ng\u00e0nh d\u1ec7t may v\u00e0 c\u00f4ng nghi\u1ec7p. V\u1edbi h\u01a1n 20 n\u0103m kinh nghi\u1ec7m, ch\u00fang t\u00f4i t\u1ef1 h\u00e0o mang \u0111\u1ebfn cho &hellip;<br \/><a href=\"https:\/\/nylonpolyester.com\/index.php\/gioi-thieu\/\" class=\"more-link pen_button pen_element_default pen_icon_arrow_double\">\u0110\u1ecdc ti\u1ebfp <span class=\"screen-reader-text\">GI\u1edaI THI\u1ec6U<\/span><\/a><\/p>\n","protected":false},"author":1,"featured_media":129,"parent":0,"menu_order":0,"comment_status":"closed","ping_status":"closed","template":"","meta":{"footnotes":""},"class_list":["post-112","page","type-page","status-publish","has-post-thumbnail","hentry"],"yoast_head":"<!-- This site is optimized with the Yoast SEO plugin v22.9 - https:\/\/yoast.com\/wordpress\/plugins\/seo\/ -->\n<title>GI\u1edaI THI\u1ec6U - S\u1ee2I NYLON - POLYESTER<\/title>\n<meta name=\"robots\" content=\"index, follow, max-snippet:-1, max-image-preview:large, max-video-preview:-1\" \/>\n<link rel=\"canonical\" href=\"https:\/\/nylonpolyester.com\/index.php\/gioi-thieu\/\" \/>\n<meta property=\"og:locale\" content=\"vi_VN\" \/>\n<meta property=\"og:type\" content=\"article\" \/>\n<meta property=\"og:title\" content=\"GI\u1edaI THI\u1ec6U - S\u1ee2I NYLON - POLYESTER\" \/>\n<meta property=\"og:description\" content=\"Ch\u00e0o m\u1eebng b\u1ea1n \u0111\u1ebfn v\u1edbi c\u00f4ng ty ch\u00fang t\u00f4i, n\u01a1i cung c\u1ea5p c\u00e1c d\u00f2ng s\u1ea3n ph\u1ea9m s\u1ee3i ch\u1ea5t l\u01b0\u1ee3ng cao, \u0111\u01b0\u1ee3c s\u1ea3n xu\u1ea5t v\u1edbi ti\u00eau chu\u1ea9n nghi\u00eam ng\u1eb7t \u0111\u1ec3 \u0111\u00e1p \u1ee9ng nhu c\u1ea7u \u0111a d\u1ea1ng trong ng\u00e0nh d\u1ec7t may v\u00e0 c\u00f4ng nghi\u1ec7p. V\u1edbi h\u01a1n 20 n\u0103m kinh nghi\u1ec7m, ch\u00fang t\u00f4i t\u1ef1 h\u00e0o mang \u0111\u1ebfn cho &hellip;\u0110\u1ecdc ti\u1ebfp GI\u1edaI THI\u1ec6U\" \/>\n<meta property=\"og:url\" content=\"https:\/\/nylonpolyester.com\/index.php\/gioi-thieu\/\" \/>\n<meta property=\"og:site_name\" content=\"S\u1ee2I NYLON - POLYESTER\" \/>\n<meta property=\"article:modified_time\" content=\"2024-12-10T06:47:44+00:00\" \/>\n<meta property=\"og:image\" content=\"https:\/\/nylonpolyester.com\/wp-content\/uploads\/2022\/07\/cropped-FOREVER-logo-trong-png.png\" \/>\n\t<meta property=\"og:image:width\" content=\"512\" \/>\n\t<meta property=\"og:image:height\" content=\"581\" \/>\n\t<meta property=\"og:image:type\" content=\"image\/png\" \/>\n<meta name=\"twitter:card\" content=\"summary_large_image\" \/>\n<meta name=\"twitter:label1\" content=\"\u01af\u1edbc t\u00ednh th\u1eddi gian \u0111\u1ecdc\" \/>\n\t<meta name=\"twitter:data1\" content=\"7 ph\u00fat\" \/>\n<script type=\"application\/ld+json\" class=\"yoast-schema-graph\">{\"@context\":\"https:\/\/schema.org\",\"@graph\":[{\"@type\":\"WebPage\",\"@id\":\"https:\/\/nylonpolyester.com\/index.php\/gioi-thieu\/\",\"url\":\"https:\/\/nylonpolyester.com\/index.php\/gioi-thieu\/\",\"name\":\"GI\u1edaI THI\u1ec6U - S\u1ee2I NYLON - POLYESTER\",\"isPartOf\":{\"@id\":\"https:\/\/nylonpolyester.com\/#website\"},\"primaryImageOfPage\":{\"@id\":\"https:\/\/nylonpolyester.com\/index.php\/gioi-thieu\/#primaryimage\"},\"image\":{\"@id\":\"https:\/\/nylonpolyester.com\/index.php\/gioi-thieu\/#primaryimage\"},\"thumbnailUrl\":\"https:\/\/nylonpolyester.com\/wp-content\/uploads\/2022\/07\/cropped-FOREVER-logo-trong-png.png\",\"datePublished\":\"2022-07-09T09:43:59+00:00\",\"dateModified\":\"2024-12-10T06:47:44+00:00\",\"breadcrumb\":{\"@id\":\"https:\/\/nylonpolyester.com\/index.php\/gioi-thieu\/#breadcrumb\"},\"inLanguage\":\"vi\",\"potentialAction\":[{\"@type\":\"ReadAction\",\"target\":[\"https:\/\/nylonpolyester.com\/index.php\/gioi-thieu\/\"]}]},{\"@type\":\"ImageObject\",\"inLanguage\":\"vi\",\"@id\":\"https:\/\/nylonpolyester.com\/index.php\/gioi-thieu\/#primaryimage\",\"url\":\"https:\/\/nylonpolyester.com\/wp-content\/uploads\/2022\/07\/cropped-FOREVER-logo-trong-png.png\",\"contentUrl\":\"https:\/\/nylonpolyester.com\/wp-content\/uploads\/2022\/07\/cropped-FOREVER-logo-trong-png.png\",\"width\":512,\"height\":581},{\"@type\":\"BreadcrumbList\",\"@id\":\"https:\/\/nylonpolyester.com\/index.php\/gioi-thieu\/#breadcrumb\",\"itemListElement\":[{\"@type\":\"ListItem\",\"position\":1,\"name\":\"Trang ch\u1ee7\",\"item\":\"https:\/\/nylonpolyester.com\/\"},{\"@type\":\"ListItem\",\"position\":2,\"name\":\"GI\u1edaI THI\u1ec6U\"}]},{\"@type\":\"WebSite\",\"@id\":\"https:\/\/nylonpolyester.com\/#website\",\"url\":\"https:\/\/nylonpolyester.com\/\",\"name\":\"S\u1ee2I NYLON - POLYESTER\",\"description\":\"CUNG C\u1ea4P S\u1ee2I D\u1ec6T, CH\u1ec8 MAY\",\"publisher\":{\"@id\":\"https:\/\/nylonpolyester.com\/#organization\"},\"potentialAction\":[{\"@type\":\"SearchAction\",\"target\":{\"@type\":\"EntryPoint\",\"urlTemplate\":\"https:\/\/nylonpolyester.com\/?s={search_term_string}\"},\"query-input\":\"required name=search_term_string\"}],\"inLanguage\":\"vi\"},{\"@type\":\"Organization\",\"@id\":\"https:\/\/nylonpolyester.com\/#organization\",\"name\":\"S\u1ee2I NYLON - POLYESTER\",\"url\":\"https:\/\/nylonpolyester.com\/\",\"logo\":{\"@type\":\"ImageObject\",\"inLanguage\":\"vi\",\"@id\":\"https:\/\/nylonpolyester.com\/#\/schema\/logo\/image\/\",\"url\":\"https:\/\/nylonpolyester.com\/wp-content\/uploads\/2022\/07\/cropped-FOREVER-logo-trong-png.png\",\"contentUrl\":\"https:\/\/nylonpolyester.com\/wp-content\/uploads\/2022\/07\/cropped-FOREVER-logo-trong-png.png\",\"width\":512,\"height\":581,\"caption\":\"S\u1ee2I NYLON - POLYESTER\"},\"image\":{\"@id\":\"https:\/\/nylonpolyester.com\/#\/schema\/logo\/image\/\"}}]}<\/script>\n<!-- \/ Yoast SEO plugin. -->","yoast_head_json":{"title":"GI\u1edaI THI\u1ec6U - S\u1ee2I NYLON - POLYESTER","robots":{"index":"index","follow":"follow","max-snippet":"max-snippet:-1","max-image-preview":"max-image-preview:large","max-video-preview":"max-video-preview:-1"},"canonical":"https:\/\/nylonpolyester.com\/index.php\/gioi-thieu\/","og_locale":"vi_VN","og_type":"article","og_title":"GI\u1edaI THI\u1ec6U - S\u1ee2I NYLON - POLYESTER","og_description":"Ch\u00e0o m\u1eebng b\u1ea1n \u0111\u1ebfn v\u1edbi c\u00f4ng ty ch\u00fang t\u00f4i, n\u01a1i cung c\u1ea5p c\u00e1c d\u00f2ng s\u1ea3n ph\u1ea9m s\u1ee3i ch\u1ea5t l\u01b0\u1ee3ng cao, \u0111\u01b0\u1ee3c s\u1ea3n xu\u1ea5t v\u1edbi ti\u00eau chu\u1ea9n nghi\u00eam ng\u1eb7t \u0111\u1ec3 \u0111\u00e1p \u1ee9ng nhu c\u1ea7u \u0111a d\u1ea1ng trong ng\u00e0nh d\u1ec7t may v\u00e0 c\u00f4ng nghi\u1ec7p. V\u1edbi h\u01a1n 20 n\u0103m kinh nghi\u1ec7m, ch\u00fang t\u00f4i t\u1ef1 h\u00e0o mang \u0111\u1ebfn cho &hellip;\u0110\u1ecdc ti\u1ebfp GI\u1edaI THI\u1ec6U","og_url":"https:\/\/nylonpolyester.com\/index.php\/gioi-thieu\/","og_site_name":"S\u1ee2I NYLON - POLYESTER","article_modified_time":"2024-12-10T06:47:44+00:00","og_image":[{"width":512,"height":581,"url":"https:\/\/nylonpolyester.com\/wp-content\/uploads\/2022\/07\/cropped-FOREVER-logo-trong-png.png","type":"image\/png"}],"twitter_card":"summary_large_image","twitter_misc":{"\u01af\u1edbc t\u00ednh th\u1eddi gian \u0111\u1ecdc":"7 ph\u00fat"},"schema":{"@context":"https:\/\/schema.org","@graph":[{"@type":"WebPage","@id":"https:\/\/nylonpolyester.com\/index.php\/gioi-thieu\/","url":"https:\/\/nylonpolyester.com\/index.php\/gioi-thieu\/","name":"GI\u1edaI THI\u1ec6U - S\u1ee2I NYLON - POLYESTER","isPartOf":{"@id":"https:\/\/nylonpolyester.com\/#website"},"primaryImageOfPage":{"@id":"https:\/\/nylonpolyester.com\/index.php\/gioi-thieu\/#primaryimage"},"image":{"@id":"https:\/\/nylonpolyester.com\/index.php\/gioi-thieu\/#primaryimage"},"thumbnailUrl":"https:\/\/nylonpolyester.com\/wp-content\/uploads\/2022\/07\/cropped-FOREVER-logo-trong-png.png","datePublished":"2022-07-09T09:43:59+00:00","dateModified":"2024-12-10T06:47:44+00:00","breadcrumb":{"@id":"https:\/\/nylonpolyester.com\/index.php\/gioi-thieu\/#breadcrumb"},"inLanguage":"vi","potentialAction":[{"@type":"ReadAction","target":["https:\/\/nylonpolyester.com\/index.php\/gioi-thieu\/"]}]},{"@type":"ImageObject","inLanguage":"vi","@id":"https:\/\/nylonpolyester.com\/index.php\/gioi-thieu\/#primaryimage","url":"https:\/\/nylonpolyester.com\/wp-content\/uploads\/2022\/07\/cropped-FOREVER-logo-trong-png.png","contentUrl":"https:\/\/nylonpolyester.com\/wp-content\/uploads\/2022\/07\/cropped-FOREVER-logo-trong-png.png","width":512,"height":581},{"@type":"BreadcrumbList","@id":"https:\/\/nylonpolyester.com\/index.php\/gioi-thieu\/#breadcrumb","itemListElement":[{"@type":"ListItem","position":1,"name":"Trang ch\u1ee7","item":"https:\/\/nylonpolyester.com\/"},{"@type":"ListItem","position":2,"name":"GI\u1edaI THI\u1ec6U"}]},{"@type":"WebSite","@id":"https:\/\/nylonpolyester.com\/#website","url":"https:\/\/nylonpolyester.com\/","name":"S\u1ee2I NYLON - POLYESTER","description":"CUNG C\u1ea4P S\u1ee2I D\u1ec6T, CH\u1ec8 MAY","publisher":{"@id":"https:\/\/nylonpolyester.com\/#organization"},"potentialAction":[{"@type":"SearchAction","target":{"@type":"EntryPoint","urlTemplate":"https:\/\/nylonpolyester.com\/?s={search_term_string}"},"query-input":"required name=search_term_string"}],"inLanguage":"vi"},{"@type":"Organization","@id":"https:\/\/nylonpolyester.com\/#organization","name":"S\u1ee2I NYLON - POLYESTER","url":"https:\/\/nylonpolyester.com\/","logo":{"@type":"ImageObject","inLanguage":"vi","@id":"https:\/\/nylonpolyester.com\/#\/schema\/logo\/image\/","url":"https:\/\/nylonpolyester.com\/wp-content\/uploads\/2022\/07\/cropped-FOREVER-logo-trong-png.png","contentUrl":"https:\/\/nylonpolyester.com\/wp-content\/uploads\/2022\/07\/cropped-FOREVER-logo-trong-png.png","width":512,"height":581,"caption":"S\u1ee2I NYLON - POLYESTER"},"image":{"@id":"https:\/\/nylonpolyester.com\/#\/schema\/logo\/image\/"}}]}},"_links":{"self":[{"href":"https:\/\/nylonpolyester.com\/index.php\/wp-json\/wp\/v2\/pages\/112","targetHints":{"allow":["GET"]}}],"collection":[{"href":"https:\/\/nylonpolyester.com\/index.php\/wp-json\/wp\/v2\/pages"}],"about":[{"href":"https:\/\/nylonpolyester.com\/index.php\/wp-json\/wp\/v2\/types\/page"}],"author":[{"embeddable":true,"href":"https:\/\/nylonpolyester.com\/index.php\/wp-json\/wp\/v2\/users\/1"}],"replies":[{"embeddable":true,"href":"https:\/\/nylonpolyester.com\/index.php\/wp-json\/wp\/v2\/comments?post=112"}],"version-history":[{"count":13,"href":"https:\/\/nylonpolyester.com\/index.php\/wp-json\/wp\/v2\/pages\/112\/revisions"}],"predecessor-version":[{"id":445,"href":"https:\/\/nylonpolyester.com\/index.php\/wp-json\/wp\/v2\/pages\/112\/revisions\/445"}],"wp:featuredmedia":[{"embeddable":true,"href":"https:\/\/nylonpolyester.com\/index.php\/wp-json\/wp\/v2\/media\/129"}],"wp:attachment":[{"href":"https:\/\/nylonpolyester.com\/index.php\/wp-json\/wp\/v2\/media?parent=112"}],"curies":[{"name":"wp","href":"https:\/\/api.w.org\/{rel}","templated":true}]}}