{"id":423,"date":"2024-12-10T06:15:36","date_gmt":"2024-12-10T06:15:36","guid":{"rendered":"https:\/\/nylonpolyester.com\/?post_type=product&#038;p=423"},"modified":"2024-12-10T06:38:05","modified_gmt":"2024-12-10T06:38:05","slug":"cotton-mercerized-glasses","status":"publish","type":"product","link":"https:\/\/nylonpolyester.com\/index.php\/san-pham\/cotton-mercerized-glasses\/","title":{"rendered":"COTTON MERCERIZED &#038; GLASSES"},"content":{"rendered":"<p>Cotton Mercerized and Glasses<\/p>\n<p>S\u1ee3i Cotton Mercerized and Glasses<\/p>\n<p>S\u1ee3i Cotton \u0111\u1ed1t \u0111\u1ea7u l\u00f4ng<\/p>\n<p>S\u1ee3i Cotton Mercerized<\/p>\n<p>S\u1ee3i Cotton Glassed<\/p>\n<p>Ch\u1ec9 Cotton \u0111\u1ed1t \u0111\u1ea7u l\u00f4ng<\/p>\n<p>Ch\u1ec9 may Cotton Mercerized<\/p>\n<p>Ch\u1ec9 may Cotton Glasses<\/p>\n<p>Ne 20\/1, Ne 20\/2, Ne 20\/3, Ne 20\/4, Ne 30\/1, Ne 30\/2, Ne 30\/3, Ne 30\/4, Ne 32\/1, Ne 32\/2, Ne 32\/3, Ne 32\/4, Ne 40\/1, Ne 40\/2, Ne 40\/3, Ne 40\/4, Ne 42\/1, Ne 42\/2, Ne 42\/3, Ne 60\/1, Ne 60\/2, Ne 60\/3.<\/p>\n<p>20s\/1, 20s\/2, 20s\/3, 20s\/4, 30s\/1, 30s\/2, 30s\/3, 30s\/4, 32s\/1, 32s\/2, 32s\/3, 32s\/4, 40s\/1, 40s\/2, 40s\/3, 40s\/4, 42s\/1, 42s\/2,\u00a0 42s\/3, 60s\/1, 60s\/2, 60s\/3.<\/p>\n<p>B\u00c1O GI\u00c1 LI\u00caN H\u1ec6 0327 789 899<\/p>\n","protected":false},"excerpt":{"rendered":"<p>Cotton Mercerized and Glasses<\/p>\n<p>S\u1ee3i Cotton Mercerized and Glasses<\/p>\n<p>S\u1ee3i Cotton \u0111\u1ed1t \u0111\u1ea7u l\u00f4ng<\/p>\n<p>S\u1ee3i Cotton Mercerized<\/p>\n<p>S\u1ee3i Cotton Glassed<\/p>\n<p>Ch\u1ec9 Cotton \u0111\u1ed1t \u0111\u1ea7u l\u00f4ng<\/p>\n<p>Ch\u1ec9 may Cotton Mercerized<\/p>\n<p>Ch\u1ec9 may Cotton Glasses<\/p>\n<p>Ne 20\/1, Ne 20\/2, Ne 20\/3, Ne 20\/4, Ne 30\/1, Ne 30\/2, Ne 30\/3, Ne 30\/4, Ne 32\/1, Ne 32\/2, Ne 32\/3, Ne 32\/4, Ne 40\/1, Ne 40\/2, Ne 40\/3, Ne 40\/4, Ne 42\/1, Ne 42\/2, Ne 42\/3, Ne 60\/1, Ne 60\/2, Ne 60\/3.<\/p>\n<p>20s\/1, 20s\/2, 20s\/3, 20s\/4, 30s\/1, 30s\/2, 30s\/3, 30s\/4, 32s\/1, 32s\/2, 32s\/3, 32s\/4, 40s\/1, 40s\/2, 40s\/3, 40s\/4, 42s\/1, 42s\/2,\u00a0 42s\/3, 60s\/1, 60s\/2, 60s\/3.<\/p>\n<p>B\u00c1O GI\u00c1 LI\u00caN H\u1ec6 0327 789 899<\/p>\n","protected":false},"featured_media":440,"template":"","meta":[],"product_brand":[],"product_cat":[16],"product_tag":[209,208,203,205,207,206,204],"class_list":{"0":"post-423","1":"product","2":"type-product","3":"status-publish","4":"has-post-thumbnail","6":"product_cat-san-pham","7":"product_tag-chi-may-cotton-glasses","8":"product_tag-chi-may-cotton-mercerized","9":"product_tag-cotton-mercerized-and-glasses","10":"product_tag-soi-cotton-dot-dau-long","11":"product_tag-soi-cotton-glassed","12":"product_tag-soi-cotton-mercerized","13":"product_tag-soi-cotton-mercerized-and-glasses","15":"first","16":"instock","17":"shipping-taxable","18":"product-type-simple"},"yoast_head":"<!-- This site is optimized with the Yoast SEO plugin v22.9 - https:\/\/yoast.com\/wordpress\/plugins\/seo\/ -->\n<title>COTTON MERCERIZED &amp; GLASSES - S\u1ee2I NYLON - POLYESTER<\/title>\n<meta name=\"description\" content=\"Cotton Mercerized and Glasses S\u1ee3i Cotton Mercerized and Glasses S\u1ee3i Cotton \u0111\u1ed1t \u0111\u1ea7u l\u00f4ng S\u1ee3i Cotton Mercerized S\u1ee3i Cotton Glassed Ch\u1ec9 may Cotton Mercerized Ch\u1ec9 may Cotton Glasses Ne 20\/1, Ne 20\/2, Ne 20\/3, Ne 20\/4, Ne 30\/1, Ne 30\/2, Ne 30\/3, Ne 30\/4, Ne 32\/1, Ne 32\/2, Ne 32\/3, Ne 32\/4, Ne 40\/1, Ne 40\/2, Ne 40\/3, Ne 40\/4, Ne 42\/1, Ne 42\/2, Ne 42\/3, Ne 60\/1, Ne 60\/2, Ne 60\/3.20s\/1, 20s\/2, 20s\/3, 20s\/4, 30s\/1, 30s\/2, 30s\/3, 30s\/4, 32s\/1, 32s\/2, 32s\/3, 32s\/4, 40s\/1, 40s\/2, 40s\/3, 40s\/4, 42s\/1, 42s\/2,\u00a0 42s\/3, 60s\/1, 60s\/2, 60s\/3.\" \/>\n<meta name=\"robots\" content=\"index, follow, max-snippet:-1, max-image-preview:large, max-video-preview:-1\" \/>\n<link rel=\"canonical\" href=\"https:\/\/nylonpolyester.com\/index.php\/san-pham\/cotton-mercerized-glasses\/\" \/>\n<meta property=\"og:locale\" content=\"vi_VN\" \/>\n<meta property=\"og:type\" content=\"article\" \/>\n<meta property=\"og:title\" content=\"COTTON MERCERIZED &amp; GLASSES - S\u1ee2I NYLON - POLYESTER\" \/>\n<meta property=\"og:description\" content=\"Cotton Mercerized and Glasses S\u1ee3i Cotton Mercerized and Glasses S\u1ee3i Cotton \u0111\u1ed1t \u0111\u1ea7u l\u00f4ng S\u1ee3i Cotton Mercerized S\u1ee3i Cotton Glassed Ch\u1ec9 may Cotton Mercerized Ch\u1ec9 may Cotton Glasses Ne 20\/1, Ne 20\/2, Ne 20\/3, Ne 20\/4, Ne 30\/1, Ne 30\/2, Ne 30\/3, Ne 30\/4, Ne 32\/1, Ne 32\/2, Ne 32\/3, Ne 32\/4, Ne 40\/1, Ne 40\/2, Ne 40\/3, Ne 40\/4, Ne 42\/1, Ne 42\/2, Ne 42\/3, Ne 60\/1, Ne 60\/2, Ne 60\/3.20s\/1, 20s\/2, 20s\/3, 20s\/4, 30s\/1, 30s\/2, 30s\/3, 30s\/4, 32s\/1, 32s\/2, 32s\/3, 32s\/4, 40s\/1, 40s\/2, 40s\/3, 40s\/4, 42s\/1, 42s\/2,\u00a0 42s\/3, 60s\/1, 60s\/2, 60s\/3.\" \/>\n<meta property=\"og:url\" content=\"https:\/\/nylonpolyester.com\/index.php\/san-pham\/cotton-mercerized-glasses\/\" \/>\n<meta property=\"og:site_name\" content=\"S\u1ee2I NYLON - POLYESTER\" \/>\n<meta property=\"article:modified_time\" content=\"2024-12-10T06:38:05+00:00\" \/>\n<meta property=\"og:image\" content=\"https:\/\/nylonpolyester.com\/wp-content\/uploads\/2024\/12\/COTTON111.png\" \/>\n\t<meta property=\"og:image:width\" content=\"632\" \/>\n\t<meta property=\"og:image:height\" content=\"604\" \/>\n\t<meta property=\"og:image:type\" content=\"image\/png\" \/>\n<meta name=\"twitter:card\" content=\"summary_large_image\" \/>\n<meta name=\"twitter:label1\" content=\"\u01af\u1edbc t\u00ednh th\u1eddi gian \u0111\u1ecdc\" \/>\n\t<meta name=\"twitter:data1\" content=\"1 ph\u00fat\" \/>\n<script type=\"application\/ld+json\" class=\"yoast-schema-graph\">{\"@context\":\"https:\/\/schema.org\",\"@graph\":[{\"@type\":\"WebPage\",\"@id\":\"https:\/\/nylonpolyester.com\/index.php\/san-pham\/cotton-mercerized-glasses\/\",\"url\":\"https:\/\/nylonpolyester.com\/index.php\/san-pham\/cotton-mercerized-glasses\/\",\"name\":\"COTTON MERCERIZED & GLASSES - S\u1ee2I NYLON - POLYESTER\",\"isPartOf\":{\"@id\":\"https:\/\/nylonpolyester.com\/#website\"},\"primaryImageOfPage\":{\"@id\":\"https:\/\/nylonpolyester.com\/index.php\/san-pham\/cotton-mercerized-glasses\/#primaryimage\"},\"image\":{\"@id\":\"https:\/\/nylonpolyester.com\/index.php\/san-pham\/cotton-mercerized-glasses\/#primaryimage\"},\"thumbnailUrl\":\"https:\/\/nylonpolyester.com\/wp-content\/uploads\/2024\/12\/COTTON111.png\",\"datePublished\":\"2024-12-10T06:15:36+00:00\",\"dateModified\":\"2024-12-10T06:38:05+00:00\",\"description\":\"Cotton Mercerized and Glasses S\u1ee3i Cotton Mercerized and Glasses S\u1ee3i Cotton \u0111\u1ed1t \u0111\u1ea7u l\u00f4ng S\u1ee3i Cotton Mercerized S\u1ee3i Cotton Glassed Ch\u1ec9 may Cotton Mercerized Ch\u1ec9 may Cotton Glasses Ne 20\/1, Ne 20\/2, Ne 20\/3, Ne 20\/4, Ne 30\/1, Ne 30\/2, Ne 30\/3, Ne 30\/4, Ne 32\/1, Ne 32\/2, Ne 32\/3, Ne 32\/4, Ne 40\/1, Ne 40\/2, Ne 40\/3, Ne 40\/4, Ne 42\/1, Ne 42\/2, Ne 42\/3, Ne 60\/1, Ne 60\/2, Ne 60\/3.20s\/1, 20s\/2, 20s\/3, 20s\/4, 30s\/1, 30s\/2, 30s\/3, 30s\/4, 32s\/1, 32s\/2, 32s\/3, 32s\/4, 40s\/1, 40s\/2, 40s\/3, 40s\/4, 42s\/1, 42s\/2,\u00a0 42s\/3, 60s\/1, 60s\/2, 60s\/3.\",\"breadcrumb\":{\"@id\":\"https:\/\/nylonpolyester.com\/index.php\/san-pham\/cotton-mercerized-glasses\/#breadcrumb\"},\"inLanguage\":\"vi\",\"potentialAction\":[{\"@type\":\"ReadAction\",\"target\":[\"https:\/\/nylonpolyester.com\/index.php\/san-pham\/cotton-mercerized-glasses\/\"]}]},{\"@type\":\"ImageObject\",\"inLanguage\":\"vi\",\"@id\":\"https:\/\/nylonpolyester.com\/index.php\/san-pham\/cotton-mercerized-glasses\/#primaryimage\",\"url\":\"https:\/\/nylonpolyester.com\/wp-content\/uploads\/2024\/12\/COTTON111.png\",\"contentUrl\":\"https:\/\/nylonpolyester.com\/wp-content\/uploads\/2024\/12\/COTTON111.png\",\"width\":632,\"height\":604},{\"@type\":\"BreadcrumbList\",\"@id\":\"https:\/\/nylonpolyester.com\/index.php\/san-pham\/cotton-mercerized-glasses\/#breadcrumb\",\"itemListElement\":[{\"@type\":\"ListItem\",\"position\":1,\"name\":\"Trang ch\u1ee7\",\"item\":\"https:\/\/nylonpolyester.com\/\"},{\"@type\":\"ListItem\",\"position\":2,\"name\":\"S\u1ea2N PH\u1ea8M\",\"item\":\"https:\/\/nylonpolyester.com\/\"},{\"@type\":\"ListItem\",\"position\":3,\"name\":\"COTTON MERCERIZED &#038; GLASSES\"}]},{\"@type\":\"WebSite\",\"@id\":\"https:\/\/nylonpolyester.com\/#website\",\"url\":\"https:\/\/nylonpolyester.com\/\",\"name\":\"S\u1ee2I NYLON - POLYESTER\",\"description\":\"CUNG C\u1ea4P S\u1ee2I D\u1ec6T, CH\u1ec8 MAY\",\"publisher\":{\"@id\":\"https:\/\/nylonpolyester.com\/#organization\"},\"potentialAction\":[{\"@type\":\"SearchAction\",\"target\":{\"@type\":\"EntryPoint\",\"urlTemplate\":\"https:\/\/nylonpolyester.com\/?s={search_term_string}\"},\"query-input\":\"required name=search_term_string\"}],\"inLanguage\":\"vi\"},{\"@type\":\"Organization\",\"@id\":\"https:\/\/nylonpolyester.com\/#organization\",\"name\":\"S\u1ee2I NYLON - POLYESTER\",\"url\":\"https:\/\/nylonpolyester.com\/\",\"logo\":{\"@type\":\"ImageObject\",\"inLanguage\":\"vi\",\"@id\":\"https:\/\/nylonpolyester.com\/#\/schema\/logo\/image\/\",\"url\":\"https:\/\/nylonpolyester.com\/wp-content\/uploads\/2022\/07\/cropped-FOREVER-logo-trong-png.png\",\"contentUrl\":\"https:\/\/nylonpolyester.com\/wp-content\/uploads\/2022\/07\/cropped-FOREVER-logo-trong-png.png\",\"width\":512,\"height\":581,\"caption\":\"S\u1ee2I NYLON - POLYESTER\"},\"image\":{\"@id\":\"https:\/\/nylonpolyester.com\/#\/schema\/logo\/image\/\"}}]}<\/script>\n<!-- \/ Yoast SEO plugin. -->","yoast_head_json":{"title":"COTTON MERCERIZED & GLASSES - S\u1ee2I NYLON - POLYESTER","description":"Cotton Mercerized and Glasses S\u1ee3i Cotton Mercerized and Glasses S\u1ee3i Cotton \u0111\u1ed1t \u0111\u1ea7u l\u00f4ng S\u1ee3i Cotton Mercerized S\u1ee3i Cotton Glassed Ch\u1ec9 may Cotton Mercerized Ch\u1ec9 may Cotton Glasses Ne 20\/1, Ne 20\/2, Ne 20\/3, Ne 20\/4, Ne 30\/1, Ne 30\/2, Ne 30\/3, Ne 30\/4, Ne 32\/1, Ne 32\/2, Ne 32\/3, Ne 32\/4, Ne 40\/1, Ne 40\/2, Ne 40\/3, Ne 40\/4, Ne 42\/1, Ne 42\/2, Ne 42\/3, Ne 60\/1, Ne 60\/2, Ne 60\/3.20s\/1, 20s\/2, 20s\/3, 20s\/4, 30s\/1, 30s\/2, 30s\/3, 30s\/4, 32s\/1, 32s\/2, 32s\/3, 32s\/4, 40s\/1, 40s\/2, 40s\/3, 40s\/4, 42s\/1, 42s\/2,\u00a0 42s\/3, 60s\/1, 60s\/2, 60s\/3.","robots":{"index":"index","follow":"follow","max-snippet":"max-snippet:-1","max-image-preview":"max-image-preview:large","max-video-preview":"max-video-preview:-1"},"canonical":"https:\/\/nylonpolyester.com\/index.php\/san-pham\/cotton-mercerized-glasses\/","og_locale":"vi_VN","og_type":"article","og_title":"COTTON MERCERIZED & GLASSES - S\u1ee2I NYLON - POLYESTER","og_description":"Cotton Mercerized and Glasses S\u1ee3i Cotton Mercerized and Glasses S\u1ee3i Cotton \u0111\u1ed1t \u0111\u1ea7u l\u00f4ng S\u1ee3i Cotton Mercerized S\u1ee3i Cotton Glassed Ch\u1ec9 may Cotton Mercerized Ch\u1ec9 may Cotton Glasses Ne 20\/1, Ne 20\/2, Ne 20\/3, Ne 20\/4, Ne 30\/1, Ne 30\/2, Ne 30\/3, Ne 30\/4, Ne 32\/1, Ne 32\/2, Ne 32\/3, Ne 32\/4, Ne 40\/1, Ne 40\/2, Ne 40\/3, Ne 40\/4, Ne 42\/1, Ne 42\/2, Ne 42\/3, Ne 60\/1, Ne 60\/2, Ne 60\/3.20s\/1, 20s\/2, 20s\/3, 20s\/4, 30s\/1, 30s\/2, 30s\/3, 30s\/4, 32s\/1, 32s\/2, 32s\/3, 32s\/4, 40s\/1, 40s\/2, 40s\/3, 40s\/4, 42s\/1, 42s\/2,\u00a0 42s\/3, 60s\/1, 60s\/2, 60s\/3.","og_url":"https:\/\/nylonpolyester.com\/index.php\/san-pham\/cotton-mercerized-glasses\/","og_site_name":"S\u1ee2I NYLON - POLYESTER","article_modified_time":"2024-12-10T06:38:05+00:00","og_image":[{"width":632,"height":604,"url":"https:\/\/nylonpolyester.com\/wp-content\/uploads\/2024\/12\/COTTON111.png","type":"image\/png"}],"twitter_card":"summary_large_image","twitter_misc":{"\u01af\u1edbc t\u00ednh th\u1eddi gian \u0111\u1ecdc":"1 ph\u00fat"},"schema":{"@context":"https:\/\/schema.org","@graph":[{"@type":"WebPage","@id":"https:\/\/nylonpolyester.com\/index.php\/san-pham\/cotton-mercerized-glasses\/","url":"https:\/\/nylonpolyester.com\/index.php\/san-pham\/cotton-mercerized-glasses\/","name":"COTTON MERCERIZED & GLASSES - S\u1ee2I NYLON - POLYESTER","isPartOf":{"@id":"https:\/\/nylonpolyester.com\/#website"},"primaryImageOfPage":{"@id":"https:\/\/nylonpolyester.com\/index.php\/san-pham\/cotton-mercerized-glasses\/#primaryimage"},"image":{"@id":"https:\/\/nylonpolyester.com\/index.php\/san-pham\/cotton-mercerized-glasses\/#primaryimage"},"thumbnailUrl":"https:\/\/nylonpolyester.com\/wp-content\/uploads\/2024\/12\/COTTON111.png","datePublished":"2024-12-10T06:15:36+00:00","dateModified":"2024-12-10T06:38:05+00:00","description":"Cotton Mercerized and Glasses S\u1ee3i Cotton Mercerized and Glasses S\u1ee3i Cotton \u0111\u1ed1t \u0111\u1ea7u l\u00f4ng S\u1ee3i Cotton Mercerized S\u1ee3i Cotton Glassed Ch\u1ec9 may Cotton Mercerized Ch\u1ec9 may Cotton Glasses Ne 20\/1, Ne 20\/2, Ne 20\/3, Ne 20\/4, Ne 30\/1, Ne 30\/2, Ne 30\/3, Ne 30\/4, Ne 32\/1, Ne 32\/2, Ne 32\/3, Ne 32\/4, Ne 40\/1, Ne 40\/2, Ne 40\/3, Ne 40\/4, Ne 42\/1, Ne 42\/2, Ne 42\/3, Ne 60\/1, Ne 60\/2, Ne 60\/3.20s\/1, 20s\/2, 20s\/3, 20s\/4, 30s\/1, 30s\/2, 30s\/3, 30s\/4, 32s\/1, 32s\/2, 32s\/3, 32s\/4, 40s\/1, 40s\/2, 40s\/3, 40s\/4, 42s\/1, 42s\/2,\u00a0 42s\/3, 60s\/1, 60s\/2, 60s\/3.","breadcrumb":{"@id":"https:\/\/nylonpolyester.com\/index.php\/san-pham\/cotton-mercerized-glasses\/#breadcrumb"},"inLanguage":"vi","potentialAction":[{"@type":"ReadAction","target":["https:\/\/nylonpolyester.com\/index.php\/san-pham\/cotton-mercerized-glasses\/"]}]},{"@type":"ImageObject","inLanguage":"vi","@id":"https:\/\/nylonpolyester.com\/index.php\/san-pham\/cotton-mercerized-glasses\/#primaryimage","url":"https:\/\/nylonpolyester.com\/wp-content\/uploads\/2024\/12\/COTTON111.png","contentUrl":"https:\/\/nylonpolyester.com\/wp-content\/uploads\/2024\/12\/COTTON111.png","width":632,"height":604},{"@type":"BreadcrumbList","@id":"https:\/\/nylonpolyester.com\/index.php\/san-pham\/cotton-mercerized-glasses\/#breadcrumb","itemListElement":[{"@type":"ListItem","position":1,"name":"Trang ch\u1ee7","item":"https:\/\/nylonpolyester.com\/"},{"@type":"ListItem","position":2,"name":"S\u1ea2N PH\u1ea8M","item":"https:\/\/nylonpolyester.com\/"},{"@type":"ListItem","position":3,"name":"COTTON MERCERIZED &#038; GLASSES"}]},{"@type":"WebSite","@id":"https:\/\/nylonpolyester.com\/#website","url":"https:\/\/nylonpolyester.com\/","name":"S\u1ee2I NYLON - POLYESTER","description":"CUNG C\u1ea4P S\u1ee2I D\u1ec6T, CH\u1ec8 MAY","publisher":{"@id":"https:\/\/nylonpolyester.com\/#organization"},"potentialAction":[{"@type":"SearchAction","target":{"@type":"EntryPoint","urlTemplate":"https:\/\/nylonpolyester.com\/?s={search_term_string}"},"query-input":"required name=search_term_string"}],"inLanguage":"vi"},{"@type":"Organization","@id":"https:\/\/nylonpolyester.com\/#organization","name":"S\u1ee2I NYLON - POLYESTER","url":"https:\/\/nylonpolyester.com\/","logo":{"@type":"ImageObject","inLanguage":"vi","@id":"https:\/\/nylonpolyester.com\/#\/schema\/logo\/image\/","url":"https:\/\/nylonpolyester.com\/wp-content\/uploads\/2022\/07\/cropped-FOREVER-logo-trong-png.png","contentUrl":"https:\/\/nylonpolyester.com\/wp-content\/uploads\/2022\/07\/cropped-FOREVER-logo-trong-png.png","width":512,"height":581,"caption":"S\u1ee2I NYLON - POLYESTER"},"image":{"@id":"https:\/\/nylonpolyester.com\/#\/schema\/logo\/image\/"}}]}},"_links":{"self":[{"href":"https:\/\/nylonpolyester.com\/index.php\/wp-json\/wp\/v2\/product\/423","targetHints":{"allow":["GET"]}}],"collection":[{"href":"https:\/\/nylonpolyester.com\/index.php\/wp-json\/wp\/v2\/product"}],"about":[{"href":"https:\/\/nylonpolyester.com\/index.php\/wp-json\/wp\/v2\/types\/product"}],"wp:featuredmedia":[{"embeddable":true,"href":"https:\/\/nylonpolyester.com\/index.php\/wp-json\/wp\/v2\/media\/440"}],"wp:attachment":[{"href":"https:\/\/nylonpolyester.com\/index.php\/wp-json\/wp\/v2\/media?parent=423"}],"wp:term":[{"taxonomy":"product_brand","embeddable":true,"href":"https:\/\/nylonpolyester.com\/index.php\/wp-json\/wp\/v2\/product_brand?post=423"},{"taxonomy":"product_cat","embeddable":true,"href":"https:\/\/nylonpolyester.com\/index.php\/wp-json\/wp\/v2\/product_cat?post=423"},{"taxonomy":"product_tag","embeddable":true,"href":"https:\/\/nylonpolyester.com\/index.php\/wp-json\/wp\/v2\/product_tag?post=423"}],"curies":[{"name":"wp","href":"https:\/\/api.w.org\/{rel}","templated":true}]}}